{"id":6,"date":"2020-07-18T10:15:39","date_gmt":"2020-07-18T10:15:39","guid":{"rendered":"http:\/\/jj-wagner.de\/?page_id=6"},"modified":"2022-03-15T16:16:57","modified_gmt":"2022-03-15T16:16:57","slug":"home-1","status":"publish","type":"page","link":"https:\/\/jj-wagner.de\/","title":{"rendered":"Home 1"},"content":{"rendered":"<p>[et_pb_section fb_built=&#8220;1&#8243; _builder_version=&#8220;4.4.0&#8243; background_color=&#8220;#FBDDDC&#8220; background_enable_image=&#8220;off&#8220;][et_pb_row column_structure=&#8220;1_2,1_2&#8243; use_custom_gutter=&#8220;on&#8220; gutter_width=&#8220;1&#8243; disabled_on=&#8220;on|on|off&#8220; module_id=&#8220;Logoslide&#8220; _builder_version=&#8220;4.4.0&#8243; position_origin_r=&#8220;top_right&#8220; width=&#8220;100%&#8220; max_width=&#8220;100%&#8220; custom_margin=&#8220;|auto|-38px|auto|false|false&#8220;][et_pb_column type=&#8220;1_2&#8243; _builder_version=&#8220;4.4.0&#8243;][et_pb_image src=&#8220;http:\/\/jj-wagner.de\/wp-content\/uploads\/2020\/07\/logo-links.png&#8220; align=&#8220;right&#8220; _builder_version=&#8220;4.4.0&#8243; custom_padding=&#8220;|0px||||&#8220; scroll_horizontal_motion_enable=&#8220;on&#8220; scroll_horizontal_motion=&#8220;0|60|60|100|0|0|-15&#8243;][\/et_pb_image][\/et_pb_column][et_pb_column type=&#8220;1_2&#8243; _builder_version=&#8220;4.4.0&#8243;][et_pb_image src=&#8220;http:\/\/jj-wagner.de\/wp-content\/uploads\/2020\/07\/logo-rechts.png&#8220; _builder_version=&#8220;4.4.0&#8243; width=&#8220;100%&#8220; custom_padding=&#8220;|||0px||&#8220; scroll_horizontal_motion_enable=&#8220;on&#8220; scroll_horizontal_motion=&#8220;0|60|60|100|0|0|15&#8243;][\/et_pb_image][\/et_pb_column][\/et_pb_row][et_pb_row disabled_on=&#8220;on|on|off&#8220; _builder_version=&#8220;4.4.0&#8243; position_origin_a=&#8220;bottom_center&#8220; scroll_vertical_motion=&#8220;0|15|15|100|-6|0|-4&#8243; scroll_fade_enable=&#8220;on&#8220; scroll_fade=&#8220;0|34|34|70|0|100%|100&#8243;][et_pb_column type=&#8220;4_4&#8243; _builder_version=&#8220;4.4.0&#8243;][et_pb_text module_id=&#8220;txtDesktop&#8220; _builder_version=&#8220;4.4.0&#8243; custom_margin=&#8220;-300px|||||&#8220;]<\/p>\n<h3 style=\"text-align: center;\">Hallo Lieblingsmenschen,<\/h3>\n<p style=\"text-align: center; font-size: 16px;\">vor einem Jahr haben wir gemeinsam mit euch unseren gro\u00dfen Tag gefeiert. Nun m\u00f6chten wir uns herzlich bei euch bedanken, dass ihr mit uns gefeiert habt und uns so gro\u00df und reich beschenkt habt! Zu unserem Jahrestag wollen wir diesen besonderen Tag mit euch noch einmal gemeinsam reveu passieren lassen. Hier (bitte ganz runterscrollen) k\u00f6nnt ihr alle Bilder, Videos und den gro\u00dfen Hochzeitsfilm anschauen und gerne auch kommentieren.<br \/>\nVielen Dank! Sch\u00f6n, dass es euch gibt.<br \/>\nJosef &amp; Jennifer Wagner<\/p>\n<p>[\/et_pb_text][\/et_pb_column][\/et_pb_row][et_pb_row disabled_on=&#8220;off|off|on&#8220; module_id=&#8220;Logoslide_mobil&#8220; _builder_version=&#8220;4.4.0&#8243;][et_pb_column type=&#8220;4_4&#8243; _builder_version=&#8220;4.4.0&#8243;][et_pb_image src=&#8220;http:\/\/jj-wagner.de\/wp-content\/uploads\/2020\/07\/JJ-Logo.png&#8220; disabled_on=&#8220;off|on|on&#8220; _builder_version=&#8220;4.4.0&#8243;][\/et_pb_image][et_pb_text disabled_on=&#8220;off|off|off&#8220; _builder_version=&#8220;4.4.0&#8243;]<\/p>\n<h4 style=\"text-align: center;\">Hallo Lieblingsmenschen,<\/h4>\n<p style=\"text-align: center;\">vor einem Jahr haben wir gemeinsam mit euch unseren gro\u00dfen Tag gefeiert. Nun m\u00f6chten wir uns herzlich bei euch bedanken, dass ihr mit uns gefeiert habt und uns so gro\u00df und reich beschenkt habt! Zu unserem Jahrestag wollen wir diesen besonderen Tag mit euch noch einmal gemeinsam reveu passieren lassen. Hier (bitte ganz runterscrollen) k\u00f6nnt ihr alle Bilder, Videos und den gro\u00dfen Hochzeitsfilm anschauen und gerne auch kommentieren.<br \/> Vielen Dank! Sch\u00f6n, dass es euch gibt.<br \/> Josef &amp; Jennifer Wagner<\/p>\n<p>[\/et_pb_text][\/et_pb_column][\/et_pb_row][\/et_pb_section][et_pb_section fb_built=&#8220;1&#8243; _builder_version=&#8220;4.4.0&#8243; background_color=&#8220;#FBDDDC&#8220;][et_pb_row _builder_version=&#8220;4.4.0&#8243; motion_trigger_start=&#8220;top&#8220;][et_pb_column type=&#8220;4_4&#8243; _builder_version=&#8220;4.4.0&#8243;][et_pb_image src=&#8220;http:\/\/jj-wagner.de\/wp-content\/uploads\/2020\/07\/Brautpaar.jpeg&#8220; align=&#8220;center&#8220; _builder_version=&#8220;4.4.0&#8243; scroll_vertical_motion=&#8220;0|10|10|40|4|0|-4&#8243;][\/et_pb_image][\/et_pb_column][\/et_pb_row][et_pb_row column_structure=&#8220;1_4,1_4,1_4,1_4&#8243; _builder_version=&#8220;4.4.0&#8243;][et_pb_column type=&#8220;1_4&#8243; _builder_version=&#8220;4.4.0&#8243;][et_pb_cta button_url=&#8220;https:\/\/vimeo.com\/443089001\/b734553214&#8243; button_text=&#8220;Der Film&#8220; module_class=&#8220;btn&#8220; _builder_version=&#8220;4.4.0&#8243; background_enable_color=&#8220;off&#8220;][\/et_pb_cta][\/et_pb_column][et_pb_column type=&#8220;1_4&#8243; _builder_version=&#8220;4.4.0&#8243;][et_pb_cta button_url=&#8220;http:\/\/vimeo.com\/user\/109945241\/folder\/2296331&#8243; button_text=&#8220;Videos&#8220; module_class=&#8220;btn&#8220; _builder_version=&#8220;4.4.0&#8243; background_enable_color=&#8220;off&#8220;][\/et_pb_cta][\/et_pb_column][et_pb_column type=&#8220;1_4&#8243; _builder_version=&#8220;4.4.0&#8243;][et_pb_cta button_url=&#8220;http:\/\/QuickConnect.to\/fam-taenzer\/photo\/share\/FBIab5Lw&#8220; button_text=&#8220;Bilder&#8220; module_class=&#8220;btn&#8220; _builder_version=&#8220;4.4.0&#8243; background_enable_color=&#8220;off&#8220; hover_enabled=&#8220;0&#8243;][\/et_pb_cta][\/et_pb_column][et_pb_column type=&#8220;1_4&#8243; _builder_version=&#8220;4.4.0&#8243;][et_pb_cta button_url=&#8220;http:\/\/QuickConnect.to\/fam-taenzer\/photo\/share\/TfJLeDIw&#8220; button_text=&#8220;Photobox&#8220; module_class=&#8220;btn&#8220; _builder_version=&#8220;4.4.0&#8243; background_enable_color=&#8220;off&#8220; hover_enabled=&#8220;0&#8243;][\/et_pb_cta][\/et_pb_column][\/et_pb_row][\/et_pb_section]<\/p>\n","protected":false},"excerpt":{"rendered":"<p>[et_pb_section fb_built=&#8220;1&#8243; _builder_version=&#8220;4.4.0&#8243; background_color=&#8220;#FBDDDC&#8220; background_enable_image=&#8220;off&#8220;][et_pb_row column_structure=&#8220;1_2,1_2&#8243; use_custom_gutter=&#8220;on&#8220; gutter_width=&#8220;1&#8243; disabled_on=&#8220;on|on|off&#8220; module_id=&#8220;Logoslide&#8220; _builder_version=&#8220;4.4.0&#8243; position_origin_r=&#8220;top_right&#8220; width=&#8220;100%&#8220; max_width=&#8220;100%&#8220; custom_margin=&#8220;|auto|-38px|auto|false|false&#8220;][et_pb_column type=&#8220;1_2&#8243; _builder_version=&#8220;4.4.0&#8243;][et_pb_image src=&#8220;http:\/\/jj-wagner.de\/wp-content\/uploads\/2020\/07\/logo-links.png&#8220; align=&#8220;right&#8220; _builder_version=&#8220;4.4.0&#8243; custom_padding=&#8220;|0px||||&#8220; scroll_horizontal_motion_enable=&#8220;on&#8220; scroll_horizontal_motion=&#8220;0|60|60|100|0|0|-15&#8243;][\/et_pb_image][\/et_pb_column][et_pb_column type=&#8220;1_2&#8243; _builder_version=&#8220;4.4.0&#8243;][et_pb_image src=&#8220;http:\/\/jj-wagner.de\/wp-content\/uploads\/2020\/07\/logo-rechts.png&#8220; _builder_version=&#8220;4.4.0&#8243; width=&#8220;100%&#8220; custom_padding=&#8220;|||0px||&#8220; scroll_horizontal_motion_enable=&#8220;on&#8220; scroll_horizontal_motion=&#8220;0|60|60|100|0|0|15&#8243;][\/et_pb_image][\/et_pb_column][\/et_pb_row][et_pb_row disabled_on=&#8220;on|on|off&#8220; _builder_version=&#8220;4.4.0&#8243; position_origin_a=&#8220;bottom_center&#8220; scroll_vertical_motion=&#8220;0|15|15|100|-6|0|-4&#8243; scroll_fade_enable=&#8220;on&#8220; scroll_fade=&#8220;0|34|34|70|0|100%|100&#8243;][et_pb_column type=&#8220;4_4&#8243; _builder_version=&#8220;4.4.0&#8243;][et_pb_text module_id=&#8220;txtDesktop&#8220; _builder_version=&#8220;4.4.0&#8243; custom_margin=&#8220;-300px|||||&#8220;] Hallo Lieblingsmenschen, vor einem Jahr haben wir gemeinsam mit euch unseren gro\u00dfen Tag [&hellip;]<\/p>\n","protected":false},"author":1,"featured_media":0,"parent":0,"menu_order":0,"comment_status":"closed","ping_status":"closed","template":"","meta":{"_et_pb_use_builder":"on","_et_pb_old_content":"","_et_gb_content_width":"","footnotes":""},"class_list":["post-6","page","type-page","status-publish","hentry"],"_links":{"self":[{"href":"https:\/\/jj-wagner.de\/index.php?rest_route=\/wp\/v2\/pages\/6","targetHints":{"allow":["GET"]}}],"collection":[{"href":"https:\/\/jj-wagner.de\/index.php?rest_route=\/wp\/v2\/pages"}],"about":[{"href":"https:\/\/jj-wagner.de\/index.php?rest_route=\/wp\/v2\/types\/page"}],"author":[{"embeddable":true,"href":"https:\/\/jj-wagner.de\/index.php?rest_route=\/wp\/v2\/users\/1"}],"replies":[{"embeddable":true,"href":"https:\/\/jj-wagner.de\/index.php?rest_route=%2Fwp%2Fv2%2Fcomments&post=6"}],"version-history":[{"count":46,"href":"https:\/\/jj-wagner.de\/index.php?rest_route=\/wp\/v2\/pages\/6\/revisions"}],"predecessor-version":[{"id":119,"href":"https:\/\/jj-wagner.de\/index.php?rest_route=\/wp\/v2\/pages\/6\/revisions\/119"}],"wp:attachment":[{"href":"https:\/\/jj-wagner.de\/index.php?rest_route=%2Fwp%2Fv2%2Fmedia&parent=6"}],"curies":[{"name":"wp","href":"https:\/\/api.w.org\/{rel}","templated":true}]}}